{"id":9,"date":"2021-01-17T20:58:23","date_gmt":"2021-01-17T19:58:23","guid":{"rendered":"http:\/\/meine-hobby-welten.de\/?page_id=9"},"modified":"2022-05-20T18:25:37","modified_gmt":"2022-05-20T16:25:37","slug":"starseite","status":"publish","type":"page","link":"https:\/\/meine-hobby-welten.de\/","title":{"rendered":"Starseite"},"content":{"rendered":"\n<p style=\"font-size:30px\">Diese Homepage befindet sich noch im Aufbau!!!!!!<\/p>\n\n\n\n<p style=\"font-size:30px\">Hallo ihr da drau\u00dfen die den weg auf meine Homepage gefunden haben.<br>Hier werde ich euch zum einen meine Hobbys n\u00e4her bringen und zum anderen auch mal das eine oder andere Interessante hochlanden bzw. Posten. <br><br>Nun aber mal zu meiner Person, wer bin ich?<br>Ich bin Markus, 1987 in L\u00fcbeck geboren und bin im Jahr 2019 nach Lehrte gezogen. <br>Zu meinen Hobby\u00b4s geh\u00f6ren unteranderem diverse Holzarbeiten und  viele viele andere.<br><br>Desweiteren Verwalte ich noch 4 weitere <br>Hompages die Adressen zu diesen HP\u00b4s findet ihr im Bereich Weitere Seiten.<br><br>Jetzt w\u00fcnsche ich euch aber viel Spa\u00df beim st\u00f6bern auf meiner Homepage. <br><br>Ps. Wer Rechtschreibfehler findet darf sie gerne behalten und bei Ebay verkaufen&#8230;.<\/p>\n","protected":false},"excerpt":{"rendered":"<p>Diese Homepage befindet sich noch im Aufbau!!!!!! Hallo ihr da drau\u00dfen die den weg auf meine Homepage gefunden haben.Hier werde ich euch zum einen meine Hobbys n\u00e4her bringen und zum anderen auch mal das eine oder andere Interessante hochlanden bzw. Posten. Nun aber mal zu meiner Person, wer bin ich?Ich bin Markus, 1987 in L\u00fcbeck [&hellip;]<\/p>\n","protected":false},"author":1,"featured_media":0,"parent":0,"menu_order":0,"comment_status":"closed","ping_status":"closed","template":"","meta":{"footnotes":""},"class_list":["post-9","page","type-page","status-publish","hentry","entry","cards"],"_links":{"self":[{"href":"https:\/\/meine-hobby-welten.de\/index.php?rest_route=\/wp\/v2\/pages\/9","targetHints":{"allow":["GET"]}}],"collection":[{"href":"https:\/\/meine-hobby-welten.de\/index.php?rest_route=\/wp\/v2\/pages"}],"about":[{"href":"https:\/\/meine-hobby-welten.de\/index.php?rest_route=\/wp\/v2\/types\/page"}],"author":[{"embeddable":true,"href":"https:\/\/meine-hobby-welten.de\/index.php?rest_route=\/wp\/v2\/users\/1"}],"replies":[{"embeddable":true,"href":"https:\/\/meine-hobby-welten.de\/index.php?rest_route=%2Fwp%2Fv2%2Fcomments&post=9"}],"version-history":[{"count":7,"href":"https:\/\/meine-hobby-welten.de\/index.php?rest_route=\/wp\/v2\/pages\/9\/revisions"}],"predecessor-version":[{"id":61,"href":"https:\/\/meine-hobby-welten.de\/index.php?rest_route=\/wp\/v2\/pages\/9\/revisions\/61"}],"wp:attachment":[{"href":"https:\/\/meine-hobby-welten.de\/index.php?rest_route=%2Fwp%2Fv2%2Fmedia&parent=9"}],"curies":[{"name":"wp","href":"https:\/\/api.w.org\/{rel}","templated":true}]}}